{"id":170,"date":"2016-03-16T17:25:28","date_gmt":"2016-03-16T17:25:28","guid":{"rendered":"https:\/\/www.le-gros-caillou.fr\/?page_id=170"},"modified":"2023-10-09T16:04:48","modified_gmt":"2023-10-09T15:04:48","slug":"about-villard-and-vercors","status":"publish","type":"page","link":"https:\/\/le-gros-caillou.fr\/en\/about-villard-and-vercors\/","title":{"rendered":"About Villard de Lans"},"content":{"rendered":"<img loading=\"lazy\" decoding=\"async\" class=\"aligncenter wp-image-322\" src=\"https:\/\/le-gros-caillou.fr\/\/wp-content\/uploads\/2020\/10\/2015-12-26-14.37.33-300x175.jpg\" alt=\"\" width=\"1600\" height=\"931\" data-id=\"322\" srcset=\"https:\/\/le-gros-caillou.fr\/wp-content\/uploads\/2020\/10\/2015-12-26-14.37.33-300x175.jpg 300w, https:\/\/le-gros-caillou.fr\/wp-content\/uploads\/2020\/10\/2015-12-26-14.37.33-768x447.jpg 768w, https:\/\/le-gros-caillou.fr\/wp-content\/uploads\/2020\/10\/2015-12-26-14.37.33-1024x596.jpg 1024w\" sizes=\"(max-width: 1600px) 100vw, 1600px\" \/><\/p>\n<div class=\"row cf-section\">\n<p>Villard de Lans is located at 1050 meters altitude in the heart of the\u00a0Vercors mountain plateau in the French Alps, just about 30 minutes by car from the centre of Grenoble. You can reach Grenoble by the TGV from Paris, by air from the airports in Grenoble (35 minutes) Lyon (1 hour) or Geneva (1h30), or by motorways from Lyon or Geneva.<\/p>\n<p>Villard de Lans and the entire Vercors area is an ideal place to spend your vacation. In the winter there are great slopes for downhill skiing, beautiful cross country skiing that stretches for 110 kms right at the edge of the largest natural reserve in France, biathlon practicing areas where you may have a chance to meet with the male and female world champions, an ice skating rink, indoor and outdoor swimming pools,&#8230; you name it. In the spring, summer and autumn you have access to fabulous hiking and you may enjoy the 18 hole golf course in Corren\u00e7on, just 10 minutes from Villard de Lans.<\/p>\n<p style=\"text-align: center;\"><strong>Villard de Lans and the Vercors area is an ideal location for your vacation at any time of the year!<\/strong><\/p>\n<\/div>\n<div class=\"row cf-section\">\n<div class=\"col-sm-6\">\n<p>&nbsp;<\/p>\n<p style=\"text-align: center;\"><a href=\"https:\/\/le-gros-caillou.fr\/\/wp-content\/uploads\/2016\/03\/all-ski.jpg\"><img loading=\"lazy\" decoding=\"async\" class=\"aligncenter wp-image-176\" src=\"http:\/\/127.0.0.1\/~christer\/wpgit\/www\/wp-content\/uploads\/2016\/03\/all-ski-1024x696.jpg\" alt=\"all-ski\" width=\"450\" height=\"306\" data-id=\"176\" srcset=\"https:\/\/le-gros-caillou.fr\/wp-content\/uploads\/2016\/03\/all-ski-1024x696.jpg 1024w, https:\/\/le-gros-caillou.fr\/wp-content\/uploads\/2016\/03\/all-ski-300x204.jpg 300w, https:\/\/le-gros-caillou.fr\/wp-content\/uploads\/2016\/03\/all-ski-768x522.jpg 768w, https:\/\/le-gros-caillou.fr\/wp-content\/uploads\/2016\/03\/all-ski.jpg 1600w\" sizes=\"(max-width: 450px) 100vw, 450px\" \/><\/a><br \/>\n<em>Click on the map to get its full-size<\/em><\/p>\n<p style=\"text-align: left;\"><\/div>\n<div class=\"col-sm-6\">\n<h2>Winter\u00a0Sports<\/h2>\n<p><strong>Downhill skiing<\/strong>. The downhill skiing area comprises 50 slopes, 20 ski lifts and connects the skiing areas of Villard de Lans and Corren\u00e7on. There are 3 areas devoted to children: one at the bottom of the toboggan slopes at the &#8220;Colline des Bains&#8221;, one at the top of the cabin lift in Villard &#8220;Le Balcon&#8221;, and one in the village of Corren\u00e7on.<\/p>\n<p><strong>Nordic skiing<\/strong>. There are two connected areas for nordic (&#8220;cross country&#8221;) skiing, one in Villard de Lans and one in Corren\u00e7on that provide 125 km of \u00a0tracks for both classic and skate skiing. The tracks run through beautiful areas through woods, valleys and ridges.<\/p>\n<p><strong>Biathlon<\/strong>. Villard de Lans is becoming world famous in Biathlon with world champions and olympic gold medalists living and practicing in the area. The biathlon practicing area is partially open to the public with classes to both children and adults.<\/p>\n<p><strong>Skating<\/strong>. The skating rink is open to the public all year, with many organised evening events (ice hockey, art skating, &#8230;).<\/p>\n<p><strong>Toboggan\/sledge<\/strong>. There are several tracks, a lift and rental of material for tobogganing at the Colline des Bain.<\/p>\n<p><strong>Pool\/Spa<\/strong>. Public swimming pools, including a heated outdoor pool.<\/p>\n<\/div>\n<\/div>\n<div class=\"row cf-section\">\n<div class=\"col-sm-6\">\n<h2>Summer\u00a0Sports<\/h2>\n<p><strong>Roller skiing<\/strong>. When the snow is gone a new skiing season starts. A skiing track, which extends into the biathlon practicing area, was created in 2014. Here you can practice roller skiing on tarmac and practise shooting in the biathlon area.<\/p>\n<p><strong>Mountain biking<\/strong>. There are numerous tracks for mountain biking in and around Villard de Lans.<\/p>\n<p><strong>Walking\/trekking<\/strong>. The entire Vercors area is famous for everything it offers for trekking or simply walking in the mountains.<\/p>\n<p><strong>Canyoning<\/strong>. Several gorges around Villard de Lans\u00a0provides great opportunities for the adventurous to practice canyoning.<\/p>\n<p><strong>Golf<\/strong>. The 18 hole golf court in Correne\u00e7on, less than 10 minutes from Villard de Lans, has an exceptional situation in the hills surrounded by mountains.<br \/>\n<\/div>\n<p>&nbsp;<\/p>\n<div class=\"col-sm-6\">\n<p>&nbsp;<\/p>\n<p><img loading=\"lazy\" decoding=\"async\" class=\"aligncenter wp-image-246 size-large\" title=\"mountain-biking\" src=\"http:\/\/127.0.0.1\/~christer\/wpgit\/www\/wp-content\/uploads\/2016\/03\/mountain-biking-1024x768.jpg\" alt=\"mountain-biking\" width=\"640\" height=\"480\" data-id=\"246\" srcset=\"https:\/\/le-gros-caillou.fr\/wp-content\/uploads\/2016\/03\/mountain-biking-1024x768.jpg 1024w, https:\/\/le-gros-caillou.fr\/wp-content\/uploads\/2016\/03\/mountain-biking-300x225.jpg 300w, https:\/\/le-gros-caillou.fr\/wp-content\/uploads\/2016\/03\/mountain-biking-768x576.jpg 768w, https:\/\/le-gros-caillou.fr\/wp-content\/uploads\/2016\/03\/mountain-biking.jpg 1280w\" sizes=\"(max-width: 640px) 100vw, 640px\" \/><\/p>\n<p>&nbsp;<\/p>\n<\/div>\n<\/div>\n<div class=\"row cf-section\">\n<div class=\"col-sm-6\">\n<p>&nbsp;<\/p>\n<p><img loading=\"lazy\" decoding=\"async\" class=\"aligncenter wp-image-194\" src=\"http:\/\/127.0.0.1\/~christer\/wpgit\/www\/wp-content\/uploads\/2016\/03\/drums-300x201.jpg\" alt=\"drums\" width=\"500\" height=\"334\" data-id=\"194\" srcset=\"https:\/\/le-gros-caillou.fr\/wp-content\/uploads\/2016\/03\/drums-300x201.jpg 300w, https:\/\/le-gros-caillou.fr\/wp-content\/uploads\/2016\/03\/drums.jpg 640w\" sizes=\"(max-width: 500px) 100vw, 500px\" \/><\/p>\n<\/div>\n<div class=\"col-sm-6\">\n<h2>Festivals and Events<\/h2>\n<p>There are numerous festivals and other events organized around the year both in Villard de Lans and the in surrounding villages Autrans, Lans, M\u00e9audre and Corren\u00e7on. Sports events include well-known cross-country skiing <em>La Foul\u00e9e Blanche<\/em> in Autrans, the <em>Trans&#8217;Vercors<\/em> mountain bike and the <em>Ultra Trail du Vercors<\/em>.<\/p>\n<p>Other festivals include the <em>Focale<\/em> photography festival, the <em>Summer Swing<\/em> music festival or the well known <em>Coquille Saint-Jacques<\/em> weekend, when all the restaurants offers special menus with scallops.<\/p>\n<p>One highlight is also the <em>Festiv&#8217;Air<\/em> weekend, when the sky is filled with hot air balloons.<\/p>\n<p>For the full programme, please look at the information provided by the <a href=\"http:\/\/en.villarddelans.com\">tourist office<\/a>.<br \/>\n<\/div>\n<\/div>\n<p>&nbsp;<\/p>\n<div class=\"row cf-section\">\n<p>&nbsp;<\/p>\n<div class=\"col-sm-6\">\n<h2>Excursions and Visits<\/h2>\n<p>From Villard de Lans there are many interesting places to visits within a short drive. You may for example drive down the spectacular <strong>Bourne Gorges<\/strong>. This is not a drive for the faint at heart, but well worth it. On your way down you will reach the village <strong>Pont-en-Royans<\/strong> where the houses hang out over the Bourne river. A bit further down you will reach the <strong>Choranche Cave<\/strong>, which goes deep into the mountain side and where guided tours take you on an unforgettable walk. While at the cave, don&#8217;t miss the walk up to the nearby cascade.<br \/>\n<\/div>\n<div class=\"col-sm-6\">\n\n<p>&nbsp;<\/p>\n<\/div>\n<\/div>","protected":false},"excerpt":{"rendered":"<p>&nbsp;<\/p>\n","protected":false},"author":2,"featured_media":0,"parent":0,"menu_order":0,"comment_status":"closed","ping_status":"closed","template":"page-full.php","meta":{"_acf_changed":false,"footnotes":""},"class_list":["post-170","page","type-page","status-publish","hentry"],"acf":[],"_links":{"self":[{"href":"https:\/\/le-gros-caillou.fr\/en\/wp-json\/wp\/v2\/pages\/170"}],"collection":[{"href":"https:\/\/le-gros-caillou.fr\/en\/wp-json\/wp\/v2\/pages"}],"about":[{"href":"https:\/\/le-gros-caillou.fr\/en\/wp-json\/wp\/v2\/types\/page"}],"author":[{"embeddable":true,"href":"https:\/\/le-gros-caillou.fr\/en\/wp-json\/wp\/v2\/users\/2"}],"replies":[{"embeddable":true,"href":"https:\/\/le-gros-caillou.fr\/en\/wp-json\/wp\/v2\/comments?post=170"}],"version-history":[{"count":71,"href":"https:\/\/le-gros-caillou.fr\/en\/wp-json\/wp\/v2\/pages\/170\/revisions"}],"predecessor-version":[{"id":378,"href":"https:\/\/le-gros-caillou.fr\/en\/wp-json\/wp\/v2\/pages\/170\/revisions\/378"}],"wp:attachment":[{"href":"https:\/\/le-gros-caillou.fr\/en\/wp-json\/wp\/v2\/media?parent=170"}],"curies":[{"name":"wp","href":"https:\/\/api.w.org\/{rel}","templated":true}]}}