{"id":170,"date":"2016-03-16T17:25:28","date_gmt":"2016-03-16T17:25:28","guid":{"rendered":"https:\/\/www.le-gros-caillou.fr\/?page_id=170"},"modified":"2023-10-09T16:04:48","modified_gmt":"2023-10-09T15:04:48","slug":"about-villard-and-vercors","status":"publish","type":"page","link":"https:\/\/le-gros-caillou.fr\/fr\/about-villard-and-vercors\/","title":{"rendered":"Conna\u00eetre Villard de Lans"},"content":{"rendered":"<img loading=\"lazy\" decoding=\"async\" class=\"aligncenter wp-image-322\" src=\"https:\/\/le-gros-caillou.fr\/\/wp-content\/uploads\/2020\/10\/2015-12-26-14.37.33-300x175.jpg\" alt=\"\" width=\"1600\" height=\"931\" data-id=\"322\" srcset=\"https:\/\/le-gros-caillou.fr\/wp-content\/uploads\/2020\/10\/2015-12-26-14.37.33-300x175.jpg 300w, https:\/\/le-gros-caillou.fr\/wp-content\/uploads\/2020\/10\/2015-12-26-14.37.33-768x447.jpg 768w, https:\/\/le-gros-caillou.fr\/wp-content\/uploads\/2020\/10\/2015-12-26-14.37.33-1024x596.jpg 1024w\" sizes=\"(max-width: 1600px) 100vw, 1600px\" \/><\/p>\n<div class=\"row cf-section\">\n<p>Villard de Lans est situ\u00e9 \u00e0 1050 m\u00e8tres d&rsquo;altitude au c\u0153ur du plateau du Vercors dans les Alpes fran\u00e7aises, \u00e0 seulement 30 minutes en voiture du centre-ville Grenoble. Vous pouvez rejoindre Grenoble par le TGV de Paris, par avion depuis les a\u00e9roports de Grenoble (35 minutes), Lyon (1 heure) ou Gen\u00e8ve (1h30), et par les autoroutes de Lyon, Valence et Gen\u00e8ve.<\/p>\n<p>Le plateau du Vercors est un endroit id\u00e9al pour passer ses vacances. Le domaine skiable comprend 125 km de pistes de ski alpin, de belles pistes de ski de fond qui s&rsquo;\u00e9tendent sur 110 km en bordure de la plus grande r\u00e9serve naturelle de France.<br \/>\nAu stade de biathlon, vous pourrez croiser des champions mondiaux de biathlon!<\/p>\n<p>A Villard de Lans, on trouve aussi une patinoire, des pistes de luge avec tapis roulant, le centre aquatique, avec bassins int\u00e9rieur et ext\u00e9rieur, vagues et toboggans. Au printemps, en \u00e9t\u00e9 et en automne, vous avez acc\u00e8s \u00e0 de fabuleuses randonn\u00e9es et vous pourrez profiter du parcours de golf 18 trous \u00e0 Corren\u00e7on, \u00e0 seulement 10 minutes de Villard de Lans.<\/p>\n<p style=\"text-align: center;\"><strong>Villard de Lans , au coeur du magnifique plateau du Vercors, est un endroit id\u00e9al pour vos vacances \u00e0 tout moment de l&rsquo;ann\u00e9e!<\/strong><\/p>\n<\/div>\n<div class=\"row cf-section\">\n<div class=\"col-sm-6\">\n<p>&nbsp;<\/p>\n<p style=\"text-align: center;\"><a href=\"https:\/\/le-gros-caillou.fr\/\/wp-content\/uploads\/2016\/03\/all-ski.jpg\"><img loading=\"lazy\" decoding=\"async\" class=\"aligncenter wp-image-176\" src=\"http:\/\/127.0.0.1\/~christer\/wpgit\/www\/wp-content\/uploads\/2016\/03\/all-ski-1024x696.jpg\" alt=\"all-ski\" width=\"450\" height=\"306\" data-id=\"176\" srcset=\"https:\/\/le-gros-caillou.fr\/wp-content\/uploads\/2016\/03\/all-ski-1024x696.jpg 1024w, https:\/\/le-gros-caillou.fr\/wp-content\/uploads\/2016\/03\/all-ski-300x204.jpg 300w, https:\/\/le-gros-caillou.fr\/wp-content\/uploads\/2016\/03\/all-ski-768x522.jpg 768w, https:\/\/le-gros-caillou.fr\/wp-content\/uploads\/2016\/03\/all-ski.jpg 1600w\" sizes=\"(max-width: 450px) 100vw, 450px\" \/><\/a><br \/>\n<em>Cliquer sur l&rsquo;image pour avoir les d\u00e9tails<\/em><\/p>\n<p style=\"text-align: left;\"><\/div>\n<div class=\"col-sm-6\">\n<h2>Sports d&rsquo;hiver<\/h2>\n<p><strong>Ski alpin<\/strong>.<br \/>\nLe domaine skiable comprend 50 pistes, 20 remont\u00e9es m\u00e9caniques et relie les domaines skiables de Villard de Lans et de Corren\u00e7on. Il y a 3 zones consacr\u00e9es aux enfants: l&rsquo;une au pied des pistes de luge de la Colline des Bains \u00e0 Villard de Lans, l&rsquo;une au sommet de la cabine de Villard \u00abLe Balcon\u00bb et l&rsquo;autre au village de Corren\u00e7on.<\/p>\n<p><strong>Ski de fond<\/strong>.<br \/>\nIl y a deux domaines reli\u00e9s pour le ski nordique, \u00a0Villard de Lans et Corren\u00e7on, qui offrent 110 km de pistes pour le classique et le skating. Les pistes traversent de belles r\u00e9gions \u00e0 travers des bois, des vall\u00e9es et des cr\u00eates.<\/p>\n<p><strong>Biathlon<\/strong>.<br \/>\nVillard de Lans a acquis une renomm\u00e9e internationale en Biathlon avec ses champions du monde et olympiques. Le stade de biathlon est aussi ouvert au public avec des cours de diff\u00e9rents niveaux pour enfants et adultes.<\/p>\n<p><strong>Patinage<\/strong>.<br \/>\nLa patinoire est ouverte au public toute l&rsquo;ann\u00e9e, et offre de nombreux \u00e9v\u00e9nements (hockey sur glace, patinage artistique).<\/p>\n<p><strong>Luge<\/strong>.<br \/>\nA la Colline des Bain, tout pr\u00e8s du centre du village, on trouve plusieurs pistes de luge, avec tapis roulant, et possibilit\u00e9 de location de mat\u00e9riel (luges individuelles ou doubles, casques).<\/p>\n<p><strong>Piscine\/Spa<\/strong>.<br \/>\nDes piscines publiques, y compris une piscine chauff\u00e9e \u00e0 l&rsquo;ext\u00e9rieur.<\/p>\n<\/div>\n<\/div>\n<div class=\"row cf-section\">\n<div class=\"col-sm-6\">\n<h2>Sports d&rsquo;\u00e9t\u00e9<\/h2>\n<p><strong>Ski-roue<\/strong>.<br \/>\nLorsque la neige dispara\u00eet, une nouvelle saison de ski commence: une piste de ski-roue, qui comprend aussi le stade de biathlon, a \u00e9t\u00e9 cr\u00e9\u00e9e en 2014.<\/p>\n<p><strong>VTT<\/strong>.<br \/>\nIl existe de nombreuses pistes de VTT, \u00e0 tous niveaux de difficult\u00e9, autour de Villard de Lans.<\/p>\n<p><strong>Marche\/Randonn\u00e9e<\/strong>.<br \/>\nLa r\u00e9gion enti\u00e8re du Vercors est c\u00e9l\u00e8bre pour tout ce qu&rsquo;elle offre pour le trekking ou simplement pour marcher dans les montagnes.<\/p>\n<p><strong>Canyoning<\/strong>.<br \/>\nPlusieurs gorges aux alentours de Villard de Lans (Ecouges, Furon&#8230;) offrent de grandes opportunit\u00e9s pour les aventuriers \u00e0 la pratique du canyoning.<\/p>\n<p><strong>Golf<\/strong>.<br \/>\nLe golf 18 trous de Corren\u00e7on, \u00e0 moins de 10 minutes de Villard de Lans, a une situation exceptionnelle sur les hauts plateaux \u00a0du Vercors.<\/p>\n<\/div>\n<p>&nbsp;<\/p>\n<div class=\"col-sm-6\">\n<p>&nbsp;<\/p>\n<p><img loading=\"lazy\" decoding=\"async\" class=\"aligncenter wp-image-246 size-large\" title=\"VTT dans le Vercors\" src=\"http:\/\/127.0.0.1\/~christer\/wpgit\/www\/wp-content\/uploads\/2016\/03\/mountain-biking-1024x768.jpg\" alt=\"VTT dans le Vercors\" width=\"640\" height=\"480\" data-id=\"246\" srcset=\"https:\/\/le-gros-caillou.fr\/wp-content\/uploads\/2016\/03\/mountain-biking-1024x768.jpg 1024w, https:\/\/le-gros-caillou.fr\/wp-content\/uploads\/2016\/03\/mountain-biking-300x225.jpg 300w, https:\/\/le-gros-caillou.fr\/wp-content\/uploads\/2016\/03\/mountain-biking-768x576.jpg 768w, https:\/\/le-gros-caillou.fr\/wp-content\/uploads\/2016\/03\/mountain-biking.jpg 1280w\" sizes=\"(max-width: 640px) 100vw, 640px\" \/><\/p>\n<p>&nbsp;<\/p>\n<\/div>\n<\/div>\n<div class=\"row cf-section\">\n<div class=\"col-sm-6\">\n<p>&nbsp;<\/p>\n<p><img loading=\"lazy\" decoding=\"async\" class=\"aligncenter wp-image-194\" src=\"http:\/\/127.0.0.1\/~christer\/wpgit\/www\/wp-content\/uploads\/2016\/03\/drums-300x201.jpg\" alt=\"drums\" width=\"500\" height=\"334\" data-id=\"194\" srcset=\"https:\/\/le-gros-caillou.fr\/wp-content\/uploads\/2016\/03\/drums-300x201.jpg 300w, https:\/\/le-gros-caillou.fr\/wp-content\/uploads\/2016\/03\/drums.jpg 640w\" sizes=\"(max-width: 500px) 100vw, 500px\" \/><\/p>\n<\/div>\n<div class=\"col-sm-6\">\n<h2>Festivals and Ev\u00e9nements<\/h2>\n<p>Il y a de nombreux festivals et autres \u00e9v\u00e9nements organis\u00e9s pendant toute l&rsquo;ann\u00e9e \u00e0 Villard de Lans et dans les villages environnants, Autrans, Lans en Vercors, M\u00e9audre et Corren\u00e7on en Vercors, la comp\u00e9tition de ski de fond \u00a0<em>La Foul\u00e9e Blanche<\/em> \u00e0 Autrans, le v\u00e9lo de montagne avec le <em>Trans&rsquo;Vercors<\/em> et le festival <em>Velo Vert<\/em>, ainsi que l&rsquo;<em>Ultra Trail du Vercors <\/em>.<\/p>\n<p>Autres festivals appr\u00e9ci\u00e9s: le festival de musique <em> Summer Swing <\/em> et le fameux week-end <em> F\u00eate de Coquille Saint-Jacques <\/em> o\u00f9 tous les restaurants offrent des menus d\u00e9di\u00e9s. Pendant le week-end de <em> FestivAir <\/em>, le ciel est rempli de mongolfi\u00e8res.<\/p>\n<p>Pour le programme complet, veuillez consulter les informations fournies par <a href=\"http:\/\/en.villarddelans.com\">l&rsquo;Office de tourisme<\/a>.<br \/>\n<\/div>\n<\/div>\n<div class=\"row cf-section\">\n<p>&nbsp;<\/p>\n<div class=\"col-sm-6\">\n<h2>Excursions et visites<\/h2>\n<p>En partant de Villard de Lans, \u00e0 une courte distance en voiture (ou v\u00e9lo pour les plus sportifs), on trouve de nombreux endroits tr\u00e8s int\u00e9ressants \u00e0 visiter. Vous pouvez par exemple descendre les spectaculaires <strong> Gorges de la Bourne, <\/strong>et atteindre le village de \u00a0<strong>Pont-en-Royans <\/strong> o\u00f9 les maisons paraissent suspendues au dessus de la rivi\u00e8re de la Bourne. Un peu plus bas, vous atteindrez la <strong> Grotte de Choranche <\/strong>, o\u00f9 les visites guid\u00e9es vous emm\u00e8neront dans une d\u00e9couverte inoubliable. Quand vous \u00eates \u00e0 la grotte, ne manquez pas la petite promenade jusqu&rsquo;\u00e0 la cascade \u00e0 proximit\u00e9.<\/p>\n<p>Plus loin, ne manquez pas le Mus\u00e9e d\u00e9partemental de la R\u00e9sistance, ni le M\u00e9morial de la R\u00e9sistance \u00e0 <strong>Vassieux-en-Vercors. <\/strong>Dans ce village martyre de la deuxi\u00e8me guerre mondiale, visitez aussi le Mus\u00e9e de la pr\u00e9histoire, o\u00f9 vous pourrez apprendre la taille des silex. Apr\u00e8s Vassieux, en passant le <strong>Col du Rousset<\/strong>, ne manquez pas la descente vertigineuse \u00e0 <strong>Die<\/strong>, dans la Dr\u00f4me proven\u00e7ale, o\u00f9 vous pourrez boire la fameuse Clairette de Die pour vous remettre de vos \u00e9motions.<\/p>\n<\/div>\n<div class=\"col-sm-6\">\n\n<p>&nbsp;<\/p>\n<\/div>\n<\/div>","protected":false},"excerpt":{"rendered":"","protected":false},"author":2,"featured_media":0,"parent":0,"menu_order":0,"comment_status":"closed","ping_status":"closed","template":"page-full.php","meta":{"_acf_changed":false,"footnotes":""},"class_list":["post-170","page","type-page","status-publish","hentry"],"acf":[],"_links":{"self":[{"href":"https:\/\/le-gros-caillou.fr\/fr\/wp-json\/wp\/v2\/pages\/170"}],"collection":[{"href":"https:\/\/le-gros-caillou.fr\/fr\/wp-json\/wp\/v2\/pages"}],"about":[{"href":"https:\/\/le-gros-caillou.fr\/fr\/wp-json\/wp\/v2\/types\/page"}],"author":[{"embeddable":true,"href":"https:\/\/le-gros-caillou.fr\/fr\/wp-json\/wp\/v2\/users\/2"}],"replies":[{"embeddable":true,"href":"https:\/\/le-gros-caillou.fr\/fr\/wp-json\/wp\/v2\/comments?post=170"}],"version-history":[{"count":71,"href":"https:\/\/le-gros-caillou.fr\/fr\/wp-json\/wp\/v2\/pages\/170\/revisions"}],"predecessor-version":[{"id":378,"href":"https:\/\/le-gros-caillou.fr\/fr\/wp-json\/wp\/v2\/pages\/170\/revisions\/378"}],"wp:attachment":[{"href":"https:\/\/le-gros-caillou.fr\/fr\/wp-json\/wp\/v2\/media?parent=170"}],"curies":[{"name":"wp","href":"https:\/\/api.w.org\/{rel}","templated":true}]}}